{"id":18,"date":"2018-09-26T21:15:36","date_gmt":"2018-09-26T18:15:36","guid":{"rendered":"https:\/\/s2rl.ceng.metu.edu.tr\/?page_id=18"},"modified":"2020-06-16T16:55:42","modified_gmt":"2020-06-16T13:55:42","slug":"people","status":"publish","type":"page","link":"https:\/\/s2rl.iam.metu.edu.tr\/index.php\/people\/","title":{"rendered":"People"},"content":{"rendered":"<h2>Faculty<\/h2>\n<ul>\n<li><a href=\"http:\/\/www.acarturk.net\">Cengiz Acart\u00fcrk<\/a>, II<\/li>\n<li><a href=\"https:\/\/avesis.metu.edu.tr\/AkademikDetay\/AkademikDetay.aspx?Sorgu=2801\">Hande Alemdar<\/a>, CENG<\/li>\n<li><a href=\"http:\/\/user.ceng.metu.edu.tr\/~pangin\/\">Pelin Ang\u0131n<\/a>, CENG<\/li>\n<li><a href=\"http:\/\/users.metu.edu.tr\/cuneytb\/\/\">C\u00fcneyt F. Bazlama\u00e7c\u0131<\/a>, EEE<\/li>\n<li><a href=\"http:\/\/users.metu.edu.tr\/mcenk\/\">Murat Cenk<\/a>, IAM<\/li>\n<li><a href=\"http:\/\/demirkoz.web.cern.ch\/demirkoz\/\">Bilge Demirk\u00f6z<\/a>, PHYS<\/li>\n<li>Ali Do\u011fanaksoy, IAM<\/li>\n<li><a href=\"http:\/\/user.ceng.metu.edu.tr\/~ebru\/wordpress\/\">Ebru Ayd\u0131n G\u00f6l<\/a>, CENG<\/li>\n<li><a href=\"http:\/\/user.ceng.metu.edu.tr\/~manguoglu\/\">Murat Manguo\u011flu<\/a>, CENG<\/li>\n<li><a href=\"http:\/\/eonur.ceng.metu.edu.tr\">Ertan Onur<\/a>, CENG<\/li>\n<li><a href=\"http:\/\/user.ceng.metu.edu.tr\/~oguztuzn\/\">Halit O\u011fuzt\u00fcz\u00fcn<\/a>, CENG<\/li>\n<li><a href=\"http:\/\/users.metu.edu.tr\/eguran\/\/\">Ece G\u00fcran Schmidt<\/a>, EEE<\/li>\n<li><a href=\"http:\/\/user.ceng.metu.edu.tr\/~onur\/site.html\">Onur Tolga \u015eehito\u011flu<\/a>, CENG<\/li>\n<li><a href=\"http:\/\/user.ceng.metu.edu.tr\/~sener\/\">Cevat \u015eener<\/a>, CENG<\/li>\n<li>Ferruh \u00d6zbudak, IAM<\/li>\n<li>Muhiddin U\u011fuz, IAM<\/li>\n<\/ul>\n<h2>Current Students<\/h2>\n<ul>\n<li>Emre \u00c7a\u011flar Ho\u015fg\u00f6r, CENG (MSc)<\/li>\n<li><a href=\"http:\/\/user.ceng.metu.edu.tr\/~adnan\/\">Adnan K\u0131l\u0131\u00e7<\/a>, CENG (PhD)<\/li>\n<li>H\u00fcsn\u00fc Y\u0131ld\u0131z, CENG (PhD)<\/li>\n<li>Hakan Bostan (CENG, MSc)<\/li>\n<li>Egemen Sar\u0131kaya, CENG (MSc)<\/li>\n<li>Alper Kaan Sar\u0131\u00e7a, CENG (MSc)<\/li>\n<li>Yi\u011fit Sever, CENG (PhD)<\/li>\n<li>Manolya Atalay, CENG (PhD)<\/li>\n<li>Mehmet Ali Eken, CENG (MSc)<\/li>\n<li>\u0130dil Zeynep Alemdar, CENG (MSc)<\/li>\n<li>Umut Can G\u00fclmez, CENG (MSc)<\/li>\n<\/ul>\n<h2>Past Students<\/h2>\n<ul>\n<li>Do\u011fanalp Ergen\u00e7, CENG (PhD)<\/li>\n<li>Ataberk D\u00f6nmez, CENG (BS)<\/li>\n<li>Mert Erdemir, CENG (BS)<\/li>\n<li>Muhammed Yasin Ula\u015f, CENG (BS)<\/li>\n<li>Mert Kaan Y\u0131lmaz, CENG (BS)<\/li>\n<li>Bilgehan Bing\u00f6l, CENG (BS)<\/li>\n<li>Berat Cankar, CENG (BS)<\/li>\n<li>Ege \u00c7\u0131klabakkal, CENG (BS)<\/li>\n<li>Hakan Y\u0131ld\u0131r\u0131m, IAM (PhD)<\/li>\n<li>Emre S\u00fcren, II (PhD)<\/li>\n<li>\u0130smail T\u00fcrk, CENG (PhD)<\/li>\n<li><a href=\"https:\/\/esref.xyz\/\">E\u015fref \u00d6zt\u00fcrk<\/a>, CENG (MSc)<\/li>\n<\/ul>\n<h2>Blockchain Workgroup Members<\/h2>\n<ul>\n<li>Murat Cenk (IAM)<\/li>\n<li>Pelin Ang\u0131n (CENG)<\/li>\n<li>Cansu Onur (MATH)<\/li>\n<li>Esra G\u00fcnsay (IAM)<\/li>\n<\/ul>\n","protected":false},"excerpt":{"rendered":"<p>Faculty Cengiz Acart\u00fcrk, II Hande Alemdar, CENG Pelin Ang\u0131n, CENG C\u00fcneyt F. Bazlama\u00e7c\u0131, EEE Murat Cenk, IAM Bilge Demirk\u00f6z, PHYS&hellip;<\/p>\n","protected":false},"author":7,"featured_media":0,"parent":0,"menu_order":0,"comment_status":"closed","ping_status":"closed","template":"","meta":{"footnotes":""},"class_list":["post-18","page","type-page","status-publish","hentry"],"_links":{"self":[{"href":"https:\/\/s2rl.iam.metu.edu.tr\/index.php\/wp-json\/wp\/v2\/pages\/18","targetHints":{"allow":["GET"]}}],"collection":[{"href":"https:\/\/s2rl.iam.metu.edu.tr\/index.php\/wp-json\/wp\/v2\/pages"}],"about":[{"href":"https:\/\/s2rl.iam.metu.edu.tr\/index.php\/wp-json\/wp\/v2\/types\/page"}],"author":[{"embeddable":true,"href":"https:\/\/s2rl.iam.metu.edu.tr\/index.php\/wp-json\/wp\/v2\/users\/7"}],"replies":[{"embeddable":true,"href":"https:\/\/s2rl.iam.metu.edu.tr\/index.php\/wp-json\/wp\/v2\/comments?post=18"}],"version-history":[{"count":13,"href":"https:\/\/s2rl.iam.metu.edu.tr\/index.php\/wp-json\/wp\/v2\/pages\/18\/revisions"}],"predecessor-version":[{"id":84,"href":"https:\/\/s2rl.iam.metu.edu.tr\/index.php\/wp-json\/wp\/v2\/pages\/18\/revisions\/84"}],"wp:attachment":[{"href":"https:\/\/s2rl.iam.metu.edu.tr\/index.php\/wp-json\/wp\/v2\/media?parent=18"}],"curies":[{"name":"wp","href":"https:\/\/api.w.org\/{rel}","templated":true}]}}